

{"id":40615,"date":"2019-07-24T11:07:41","date_gmt":"2019-07-24T09:07:41","guid":{"rendered":"https:\/\/support.wallbox.com\/vilkaar-for-anvendelse\/"},"modified":"2021-05-03T09:27:25","modified_gmt":"2021-05-03T07:27:25","slug":"vilkaar-for-anvendelse","status":"publish","type":"page","link":"https:\/\/support.pre.wallbox.com\/da\/vilkaar-for-anvendelse\/","title":{"rendered":"Vilk\u00e5r for anvendelse"},"content":{"rendered":"\n<p>Gyldig fra\u00a0\u00a01. juli 2019<\/p>\n\n<p>Wallbox Chargers SL. (\u201cWallbox\u201d) tilbyder opladning af elbiler til hjemme- og erhvervsbrug med hardware og en onlinetjeneste til styring af ladefunktioner p\u00e5 intelligente opladningsenheder, der er tilg\u00e6ngelige lokalt p\u00e5 et netv\u00e6rk og eksternt gennem internettet via denne hjemmeside og en mobilapp.<\/p>\n\n<p>DISSE VILK\u00c5R FOR ANVENDELSE INDEHOLDER EN BINDENDE VOLDGIFTSKLAUSUL OG AFKALD P\u00c5 RETTEN TIL KOLLEKTIV KLAGEADGANG I AFSNIT 18.\u00a0\u00a0VILK\u00c5RENE I AFSNIT 18 P\u00c5VIRKER DINE RETTIGHEDER VEDR\u00d8RENDE L\u00d8SNING AF STRIDIGHEDER MED WALLBOX.\u00a0\u00a0DERFOR B\u00d8R DU GENNEMG\u00c5 DEM OMHYGGELIGT.\u00a0\u00a0HVIS DU IKKE ER ENIG I DISSE VILK\u00c5R FOR ANVENDELSE, M\u00c5 DU IKKE BRUGE WALLBOX&#8217; TJENESTER<\/p>\n\n<h3 class=\"wp-block-heading\">1. Tjenesten og dens ejer<\/h3>\n\n<p>Dette dokument (sammen med alle de dokumenter, der er n\u00e6vnt heri), fastl\u00e6gger vilk\u00e5rene for anvendelse af denne hjemmeside (<a href=\"https:\/\/support.wallbox.com\/\">support.wallbox.com<\/a>) (&#8220;hjemmesiden&#8221;) og Wallbox-tjenesten (&#8220;tjeneste&#8221;) med informationsbehandlingsfaciliteter, der underst\u00f8tter kontrol af opladningsenheder til elbiler, der stilles til r\u00e5dighed via Wallbox-portalen p\u00e5 denne hjemmeside (\u201cWallbox-portal\u201d), WALLBOX-mobilappen (\u201cApp\u201d) og alle andre aktuelle eller fremtidige apper, support eller enheder, gennem hvilke tjenesten kan tilg\u00e5s.<\/p>\n\n<p>Ved at bruge denne hjemmeside, Appen eller tjenesten accepterer du, brugeren (&#8220;Du&#8221; eller &#8220;Bruger&#8221;), at v\u00e6re bundet af disse vilk\u00e5r for anvendelse og vores fortrolighedspolitik, som er inkorporeret som reference i disse vilk\u00e5r for anvendelse.\u00a0\u00a0S\u00e5 hvis Du ikke er enig i alle vilk\u00e5rene og betingelserne i dette dokument, Vilk\u00e5r for anvendelse, og Fortrolighedspolitikken, b\u00f8r du ikke bruge denne hjemmeside.<\/p>\n\n<h3 class=\"wp-block-heading\">2. Brugere<\/h3>\n\n<p><strong>2.1.\u00a0<\/strong>Adgangen til visse funktioner i tjenesten kr\u00e6ver forudg\u00e5ende registrering af brugeren og oprettelse af en &#8220;Wallbox&#8221;-konto med udtrykkelig samtykke til disse Vilk\u00e5r for anvendelse. Oprettelsen af \u200b\u200bkontoen vil give brugeren mulighed for at drage fordel af intelligente datastyringsfunktioner i henhold til den valgte tjenestepakke hos WALLBOX.<\/p>\n\n<p><strong>2.2.\u00a0<\/strong>I registreringsproceduren skal brugeren udfylde de relevante formularer p\u00e5 hjemmesiden eller Appen. De data, der angives af brugeren, skal v\u00e6re n\u00f8jagtige, sande, aktuelle og komplette, og det er brugerens ansvar at holde s\u00e5danne data ajour. Brugeren er ansvarlig for hemmeligholdelsen af \u200b\u200bsin adgangskode og er ansvarlig for enhver skade, der opst\u00e5r som f\u00f8lge af uautoriseret brug, adgang, afsl\u00f8ring eller tab af denne. Enhver brug af en brugerkonto med brugerens korrekte brugernavn og adgangskode anses for at v\u00e6re foretaget af den bruger, der har denne konto, og som under alle omst\u00e6ndigheder er ansvarlig for denne brug og adgang.<\/p>\n\n<p><strong>2.3.\u00a0<\/strong>&#8220;Wallbox&#8221;-kontobrugeren har ret til at give tredjeparter tilladelse til at bruge tjenesten via brugerens konto ved at oprette brugerunderkonti, som eventuelle tredjeparter kan bruge. S\u00e5danne tredjeparter betragtes i alle henseender som brugere af tjenesten, og er derfor bundet af disse Vilk\u00e5r for anvendelse. Kun indehaveren af \u200b\u200ben &#8220;Wallbox&#8221;-masterkonto kan oprette s\u00e5danne underkonti, og p\u00e5 denne m\u00e5de forpligter han\/hun sig til at informere alle autoriserede personer om overholdelseskravene vedr\u00f8rende disse Vilk\u00e5r for anvendelse, og han\/hun er alene ansvarlig for, at alle overholder disse Vilk\u00e5r for anvendelse.<\/p>\n\n<p><strong>2.4.\u00a0<\/strong>Brugeren er ansvarlig for sin egen og andres brug af \u200b\u200btjenesten, n\u00e5r det sker under hans\/hendes brugernavn og adgangskode.<\/p>\n\n<p><strong>2.5.\u00a0<\/strong>Ligeledes skal brugeren overholde disse Vilk\u00e5r for anvendelse og andre bekendtg\u00f8relser, anvendelsesregler og anvisninger fra Wallbox til brugerne.<\/p>\n\n<h3 class=\"wp-block-heading\">3. Mindre\u00e5rige brugere<\/h3>\n\n<p><strong>3.1.\u00a0<\/strong>Denne hjemmeside, App og tjeneste er til voksne.\u00a0\u00a0En mindre\u00e5rig kan kun v\u00e6re bruger, hvis han\/hun har en underkonto med tilladelse fra en for\u00e6lder eller v\u00e6rge, der ligeledes p\u00e5tager sig det fulde ansvar.<\/p>\n\n<p><strong>3.2.\u00a0<\/strong>WALLBOX er under ingen omst\u00e6ndigheder ansvarlig for skader, der opst\u00e5r som f\u00f8lge af mindre\u00e5riges brug af tjenesten, heller ikke selvom den mindre\u00e5rige har f\u00e5et tilladelse af en bruger.<\/p>\n\n<h3 class=\"wp-block-heading\">4. S\u00e5dan tilg\u00e5r du tjenesten gennem Appen<\/h3>\n\n<p><strong>4.1.\u00a0<\/strong>WALLBOX har en App til brugerne, s\u00e5 de kan f\u00e5 adgang til og bruge tjenesten via smartphones, tablets, smart watches og enhver anden type mobilenheder (i det f\u00f8lgende ben\u00e6vnt &#8220;Mobile enheder&#8221;). Android- og iOS-versioner af Appen er tilg\u00e6ngelige til at downloade i den relevante appbutik, og den giver information om tjenesten, herunder beskrivelse og funktioner i Appen og de tekniske krav til installation og brug.<\/p>\n\n<p><strong>4.2.\u00a0<\/strong>N\u00e5r Appen er downloadet kan brugeren registrere og oprette sin &#8220;Wallbox&#8221;-konto ved at f\u00f8lge vejledningen, og dette giver ham\/hende adgang til funktionerne i den tjeneste, der kr\u00e6ver registrering.<\/p>\n\n<h3 class=\"wp-block-heading\">5. Tjenestens funktioner<\/h3>\n\n<p><strong>5.1.\u00a0<\/strong>Gennem tjenesten kan brugere bruge tjenesten via en hvilken som helst af de Enheder, som Wallbox tilbyder Appen til. Enhederne er designet til at indsamle data og information, der har til form\u00e5l at optimere administration af opladning for tjenestens brugere, men det er kun brugere, der er registreret i henhold til disse Vilk\u00e5r for anvendelse, der kan g\u00f8re brug af tjenesten og Wallbox&#8217; intelligente opladningsadministrationssystem.<\/p>\n\n<p><strong>5.2.\u00a0<\/strong>For at forbedre tjenesten kan WALLBOX p\u00e5 egen h\u00e5nd og uden varsel til enhver tid \u00e6ndre et hvilket som helst komponent og\/eller element p\u00e5 hjemmesiden, Wallbox-portalen, Appen, tjenesten eller deres drifts- eller tekniske og anvendelsesbetingelser. Ligeledes kan brugere for at forbedre tjenesten foresl\u00e5 WALLBOX \u00e6ndringer, som de finder nyttige, samt f\u00e5 yderligere oplysninger eller afhj\u00e6lpe deres tvivl, klager eller forslag ved at kontakte WALLBOX p\u00e5 e-mailadressen i overskriften til disse Vilk\u00e5r for anvendelse.\u00a0\u00a0Ikke desto mindre indeb\u00e6rer Wallbox&#8217; accept af forslag ikke nogen forpligtelse for WALLBOX.\u00a0\u00a0Hvis en bruger kommer med ideer, forslag eller anbefalinger til Wallbox (&#8220;Feedback&#8221;), skal Wallbox have en vedvarende verdensomsp\u00e6ndende licens til at kopiere, opbevare, bruge og inkorporere s\u00e5dan Feedback i sine Tjenester eller produkter uden betaling af royalties eller andet vederlag. til brugeren.<\/p>\n\n<h3 class=\"wp-block-heading\">6. Anvendelse af tjenesten<\/h3>\n\n<p><strong>6.1.\u00a0Brugerne forpligter sig til ikke at bruge tjenesten til form\u00e5l, der er ulovlige, i strid med disse Vilk\u00e5r for anvendelse, der skader interesser fra tredjeparter eller WALLBOX, eller som kan skade eller p\u00e5 nogen m\u00e5de spolere WALLBOX\u2019 omd\u00f8mme eller forhindre normal brug eller nydelse af tjenesten.<\/strong><\/p>\n\n<p><strong>6.2.\u00a0<\/strong>Brugeren kan kun bruge tjenesten til personlige form\u00e5l og inden for det anvendelsesomr\u00e5de, der er angivet i disse Vilk\u00e5r for anvendelse. Brugeren m\u00e5 ikke udf\u00f8re nogen aktivitet, der kan skade tjenesten og\/eller dens drift eller udvikling.<\/p>\n\n<p><strong>6.3.\u00a0<\/strong>Ud over ovenst\u00e5ende og is\u00e6r men ikke begr\u00e6nset til det skal brugeren undlade at bruge tjenesten til at:<\/p>\n\n<p>a)\u00a0Uploade eller overf\u00f8re ethvert brugerindhold til Wallbox eller deltage i adf\u00e6rd p\u00e5 hjemmesiden, Appen eller med tjenesten, der udg\u00f8r et brud p\u00e5 eller trussel mod sikkerheden p\u00e5 hjemmesiden, Wallbox-portalen, Appen eller tjenesten, herunder men ikke begr\u00e6nset til elektronisk information, der indeholder software designet til at beskadige eller forstyrre et system, s\u00e5som en virus, orm eller en trojansk hest.<\/p>\n\n<p>b)\u00a0F\u00e5 eller fors\u00f8ge at f\u00e5 uautoriseret adgang til andres konto.<\/p>\n\n<p>c)\u00a0Bruge hjemmesiden, Wallbox-portalen, Appen eller tjenesten til at overtr\u00e6de g\u00e6ldende love; denne aftale er ugyldig, hvor det er forbudt.<\/p>\n\n<p>d)\u00a0Chikanere eller forstyrre tredjeparter og\/eller kr\u00e6nke deres privatliv.<\/p>\n\n<p>e) Efterligne andre Brugere eller tredjeparters identitet.<\/p>\n\n<p>f) Udspionere andre Brugere eller trejdeparter.<\/p>\n\n<p>g) Informere trejdeparter om andre Brugeres lokation.<\/p>\n\n<p>h) Skade andre Brugere eller trejdeparters omd\u00f8mme, image og gode navn.<\/p>\n\n<p>i) Promovere egne eller tredjeparters produkter, Tjenester eller aktiviteter ned reklame- eller markedsf\u00f8ringsform\u00e5l.<\/p>\n\n<p><strong>6.4.\u00a0<\/strong>WALLBOX forbeholder sig ret til at blokere brugerens adgang eller slette hans\/hendes konto samt at tr\u00e6ffe eventuelle juridiske handlinger, hvis det er relevant, i tilf\u00e6lde af at brugeren overtr\u00e6der bestemmelserne i disse Vilk\u00e5r for anvendelse.<\/p>\n\n<h3 class=\"wp-block-heading\">7. Intellektuelle og industrielle ejendomsrettigheder<\/h3>\n\n<p><strong>7.1.<\/strong>\u00a0Hjemmesiden, Wallbox-portalen, Appen og tjeneste samt alle komponenter og\/eller bestanddele deraf, inklusive, men ikke begr\u00e6nset til, enheder, teknologier, kildekode, design, tekst, varem\u00e6rker, logoer, videoer og billeder, er beskyttet af intellektuel ejendomsret. Wallbox og dets licensgivere er ejere af de relevante intellektuelle og industrielle ejendomsrettigheder i de samme og\/eller f\u00e5et ret til brug med de relevante tilladelser fra tredjeparter, der ejer dem. Brugere m\u00e5 s\u00e5ledes ikke foretage sig noget, der kan kr\u00e6nke Wallbox eller dets licensgivers intellektuelle ejendomsrettigheder eller som udfordrer, mods\u00e6tter sig eller forstyrrer nogen apper fra Wallbox eller dets licensgivere til beskyttelse af disses intellektuelle ejendomsret.<\/p>\n\n<p><strong>7.2.<\/strong>\u00a0Brugeren m\u00e5 ikke omg\u00e5 nogen foranstaltning eller enheder, der er implementeret for at beskytte hjemmesidens intellektuelle ejendomsrettigheder, Wallbox-portalen, Appen, tjenesten og\/eller nogen af \u200b\u200bderes komponenter og\/eller elementer.<\/p>\n\n<h3 class=\"wp-block-heading\">8. Fortrolighedspolitik<\/h3>\n\n<p><strong>8.1.\u00a0<\/strong>Alle de personoplysninger, der indsamles ved registrering af brugeren og\/eller under brugen af \u200b\u200btjenesten, er underlagt\u00a0Wallbox\u2019 Fortrolighedspolitik, som er med som reference heri. Brugeren giver udtrykkeligt samtykke til behandling af sine personlige oplysninger til indsamling og brug af personlige oplysninger til de form\u00e5l, der er beskrevet i Fortrolighedspolitikken.\u00a0\u00a0Hvis du anmoder om, at vi sletter alle dine personlige oplysninger, vil din anmodning opsige din konto og aftalen mellem dig og Wallbox.<\/p>\n\n<p><strong>8.2.\u00a0<\/strong>Efter opsigelsen af \u200b\u200bdin \u201cWallbox\u201d-konto sletter vi alle dine personlige oplysninger uden yderligere varsel, medmindre du udtrykkeligt tillader opbevaring af personlige oplysninger med henblik p\u00e5 at sende markedsf\u00f8rings-, salgsfremmende og\/eller reklamekommunikation.<\/p>\n\n<h3 class=\"wp-block-heading\">9.\u00a0\u00c6ndringer<\/h3>\n\n<p>Wallbox kan fra tid til anden \u00e6ndre Vilk\u00e5r for anvendelse ved at udgive en ny version til hjemmesiden.\u00a0\u00a0Det er brugerens ansvar regelm\u00e6ssigt at kontrollere \u00e6ndringer i Vilk\u00e5r for anvendelse.\u00a0\u00a0Din fortsatte brug af tjenesten, hjemmesiden eller Appen efter udgivelse af de nye Vilk\u00e5r for anvendelse udg\u00f8r din accept af \u00e6ndringerne i Vilk\u00e5r for anvendelse.\u00a0\u00a0Hvis du ikke accepterer \u00e6ndringer i Vilk\u00e5r for anvendelse, skal du lukke din konto og afbryde brugen af \u200b\u200btjenesten, hjemmesiden og Appen.<\/p>\n\n<h3 class=\"wp-block-heading\">10.\u00a0Afsendelse af fortrolige oplysninger gennem tjenesten<\/h3>\n\n<p>Alle oplysninger, der sendes af brugeren via tjenesten, behandles som fortrolige oplysninger. Uanset hvad har Wallbox ret til at slette s\u00e5danne oplysninger, hvis de anses for st\u00f8dende eller upassende, samt reagere p\u00e5 judiciel eller administrativ procedure og give kompetente myndigheder adgang til s\u00e5danne oplysninger, uanset om det er n\u00f8dvendigt, forudsat at s\u00e5dan adgang er i overensstemmelse med g\u00e6ldende lovgivning.<\/p>\n\n<h3 class=\"wp-block-heading\">11.\u00a0Teknologiske begr\u00e6nsninger<\/h3>\n\n<p>Fra tid til anden vedligeholder Wallbox tjenesten og skal midlertidigt afbryde tilg\u00e6ngeligheden af \u200b\u200btjenesten pga. vedligeholdelse. Derudover anerkender du, at der ud over de f\u00f8rn\u00e6vnte afbrydelser er mange elementer, der kan p\u00e5virke driften af \u200b\u200btjenesten, som Wallbox ikke er herre over, s\u00e5som, men ikke begr\u00e6nset til, internet- eller andre netv\u00e6rksafbrydelser, milj\u00f8forhold, netv\u00e6rksoverbelastning, tab af forbindelse, handlinger fra tredjeparts software osv.\u00a0\u00a0Wallbox er ikke ansvarlig for tjenestens utilg\u00e6ngelighed p\u00e5 grund af disse begivenheder.<\/p>\n\n<h3 class=\"wp-block-heading\">12.\u00a0Begr\u00e6nset garanti, ansvarsfraskrivelse og ansvarsbegr\u00e6nsninger<\/h3>\n\n<p><strong>12.1.<\/strong>\u00a0WALLBOX er ikke ansvarlig for beslutninger, der tr\u00e6ffes af brugerne pga. oplysninger fra tjenesten, uanset deres oprindelse eller for skader, der er g\u00e5r ud over brugerne eller tredjeparter ved brug af tjenesten.<\/p>\n\n<p><strong>12.2.<\/strong>\u00a0Wallbox er ikke ansvarlig for brugerens hastighed, browserkvalitet og brug af og adgang til tjenesten, hvilket afh\u00e6nger af de tekniske betingelser, som brugeren har indg\u00e5et med sin adgangsudbyder. Derfor er Wallbox ikke ansvarlig for utilg\u00e6ngelighed, pause eller annullering af adgangen til tjenesten p\u00e5 grund af generelle forbindelsesproblemer pga. internettet eller forbindelsesproblemer i det lokale netv\u00e6rk, der bruges til at f\u00e5 adgang til tjenesten og forstyrrelser p\u00e5 grund af tredjeparter. Wallbox er ikke ansvarlig for tjenestens kontinuitet og tilg\u00e6ngelighed, n\u00e5r den ikke kan garanteres af \u00e5rsager, som Wallbox ikke er herre over.<\/p>\n\n<p><strong>12.3<\/strong>\u00a0Wallbox garanterer dig, mens du har en registreret konto hos dem, at hjemmesiden og tjenesten yder i overensstemmelse med offentliggjorte specifikationer p\u00e5 hjemmesiden.<\/p>\n\n<p><strong>12.4<\/strong>\u00a0UNDTAGET SOM BESKREVET I AFSNIT 12.3 LEVERES TJENESTEN, HJEMMESIDEN, MYWALLBOX-PORTALEN OG APPEN P\u00c5 EN &#8220;AS-IS&#8221; BASIS UDEN GARANTI AF NOGEN SLAGS, OG I DET MAKSIMALE OMFANG TILLADT AF G\u00c6LDENDE LOVGIVNING, FRASKRIVER DENNE LICENSGIVER SIG HERVED ALLE GARANTIER, REPR\u00c6SENTATIONER ELLER BETINGELSER, UDTRYKT ELLER UNDERFORST\u00c5ET, INKLUDERET UDEN BEGR\u00c6NSNING ELLER GARANTI FOR SALGSBARHED, EGNETHED TIL ET S\u00c6RLIGT FORM\u00c5L ELLER IKKE-PATENTKR\u00c6NKENDE.\u00a0\u00a0DU ER ANSVARLIG FOR AT AFG\u00d8RE, AT TJENESTEN, HJEMMESIDEN, MYWALLBOX-PORTALEN OG APPEN OPFYLDER DINE KRAV, OG HAR DEN KVALITET, SOM DU BEH\u00d8VER, OG WALLBOX FRASKRIVER SIG ETHVERT ANSVAR HERFOR.\u00a0\u00a0NOGLE JURISDIKTIONER TILLADER IKKE UDELUKKELSE AF EN UNDERFORST\u00c5ET GARANTI, S\u00c5 DENNE FRASKRIVELSE G\u00c6LDER MULIGVIS IKKE FOR DIG, OG DU KAN HAVE ANDRE JURIDISKE RETTIGHEDER, DER VARIERER EFTER JURISDIKTION.<\/p>\n\n<h3 class=\"wp-block-heading\">13. Ansvarsfraskrivelse<\/h3>\n\n<p><strong>13.1.\u00a0<\/strong>WALLBOX er ikke ansvarlig for beslutninger, der tr\u00e6ffes af brugerne pga. oplysninger fra tjenesten, uanset deres oprindelse eller for skader, der er g\u00e5r ud over brugerne eller tredjeparter ved brug af tjenesten.<\/p>\n\n<p><strong>13.2.\u00a0<\/strong>Wallbox er ikke ansvarlig for brugerens hastighed, browserkvalitet og brug af og adgang til tjenesten, hvilket afh\u00e6nger af de tekniske betingelser, som brugeren har indg\u00e5et med sin adgangsudbyder. Derfor er WALLBOX ikke ansvarlig for utilg\u00e6ngelighed, pause eller annullering af adgangen til tjenesten eller for generelle forbindelsesproblemer med det netv\u00e6rk, der bruges til at f\u00e5 adgang til tjenesten og forstyrrelser p\u00e5 grund af tredjeparter. WALLBOX er ikke ansvarlig for tjenestens kontinuitet og tilg\u00e6ngelighed, n\u00e5r den ikke kan garanteres af \u00e5rsager, som WALLBOX ikke er herre over.<\/p>\n\n<h3 class=\"wp-block-heading\">14. Vilk\u00e5r<\/h3>\n\n<p><strong>14.1.<\/strong>\u00a0Disse Vilk\u00e5r for anvendelse vil v\u00e6re i g\u00e6ldende, s\u00e5 l\u00e6nge brugeren holder sin \u201cWallbox\u201d aktiv og eller g\u00f8r brug af tjenesten.<\/p>\n\n<p><strong>14.2<\/strong>\u00a0Hvis din konto har v\u00e6ret inaktiv i over 12 m\u00e5neder, har Wallbox ret til at opsige din konto og deres aftale med dig ved at underrette dig p\u00e5 din sidst kendte adresse.<\/p>\n\n<h3 class=\"wp-block-heading\">15.\u00a0Skriftlig kommunikation<\/h3>\n\n<p>Ved at acceptere disse Vilk\u00e5r for anvendelse accepterer brugeren, at det meste af kommunikationen med Wallbox vil v\u00e6re elektronisk. Wallbox kontakter brugeren via e-mail eller ved at vise meddelelser i tjenesten. Brugeren accepterer brugen af \u200b\u200bdisse elektroniske kommunikationsmidler og anerkender, at enhver meddelelse, information og anden kommunikation, der sendes elektronisk af Wallbox, overholder ethvert lovm\u00e6ssigt eller andet juridisk krav om at skulle v\u00e6re skriftligt.<\/p>\n\n<h3 class=\"wp-block-heading\">16. Support<\/h3>\n\n<p><strong>16.1.<\/strong>\u00a0Hvis brugeren \u00f8nsker at kontakte kundeservice for at f\u00e5 hj\u00e6lp, kan han\/hun bruge f\u00f8lgende metoder:<\/p>\n\n<p>E-mail<\/p>\n\n<p>Sende en e-mail til adressen <a href=\"mailto:service@wallbox.com\">service@wallbox.com<\/a>.<\/p>\n\n<p>Pr. post<\/p>\n\n<p>Sende et brev til C\/Anabel Segura 7, Planta Baja H, 28108 Alcobendas, Madrid, Spanien.<\/p>\n\n<h3 class=\"wp-block-heading\">17. G\u00e6ldende love og jurisdiktion<\/h3>\n\n<p><strong>17.1.\u00a0<\/strong>Disse Vilk\u00e5r for anvendelse er underlagt lovgivningen i Spanien med forbehold af forbrugerne og brugerbeskyttelseslove, der m\u00e5tte v\u00e6re g\u00e6ldende.<\/p>\n\n<p><strong>17.2.\u00a0<\/strong>I tilf\u00e6lde af uenighed, der opst\u00e5r som f\u00f8lge af leveringen af \u200b\u200btjenesten, giver parterne udtrykkeligt afkald p\u00e5 deres ret til ethvert andet sted eller jurisdiktion, som de kunne have ret til, og er enige om at underkaste sig domstolene i Barcelona.<\/p>\n","protected":false},"excerpt":{"rendered":"<p>Gyldig fra\u00a0\u00a01. juli 2019 Wallbox Chargers SL. (\u201cWallbox\u201d) tilbyder opladning af elbiler til hjemme- og erhvervsbrug med hardware og en&#8230;<\/p>\n","protected":false},"author":23,"featured_media":0,"parent":0,"menu_order":0,"comment_status":"closed","ping_status":"closed","template":"","meta":{"inline_featured_image":false,"footnotes":""},"class_list":["post-40615","page","type-page","status-publish","hentry"],"acf":[],"yoast_head":"<!-- This site is optimized with the Yoast SEO plugin v18.6 - https:\/\/yoast.com\/wordpress\/plugins\/seo\/ -->\n<title>Vilk\u00e5r for anvendelse - Wallbox Help Center<\/title>\n<meta name=\"robots\" content=\"noindex, follow, max-snippet:-1, max-image-preview:large, max-video-preview:-1\" \/>\n<meta property=\"og:locale\" content=\"da_DK\" \/>\n<meta property=\"og:type\" content=\"article\" \/>\n<meta property=\"og:title\" content=\"Vilk\u00e5r for anvendelse - Wallbox Help Center\" \/>\n<meta property=\"og:description\" content=\"Gyldig fra\u00a0\u00a01. juli 2019 Wallbox Chargers SL. (\u201cWallbox\u201d) tilbyder opladning af elbiler til hjemme- og erhvervsbrug med hardware og en...\" \/>\n<meta property=\"og:url\" content=\"https:\/\/support.pre.wallbox.com\/da\/vilkaar-for-anvendelse\/\" \/>\n<meta property=\"og:site_name\" content=\"Wallbox Help Center\" \/>\n<meta property=\"article:modified_time\" content=\"2021-05-03T07:27:25+00:00\" \/>\n<meta name=\"twitter:card\" content=\"summary_large_image\" \/>\n<meta name=\"twitter:label1\" content=\"Est. reading time\" \/>\n\t<meta name=\"twitter:data1\" content=\"12 minutes\" \/>\n<script type=\"application\/ld+json\" class=\"yoast-schema-graph\">{\"@context\":\"https:\/\/schema.org\",\"@graph\":[{\"@type\":\"WebSite\",\"@id\":\"https:\/\/support.pre.wallbox.com\/da\/#website\",\"url\":\"https:\/\/support.pre.wallbox.com\/da\/\",\"name\":\"Wallbox Help Center\",\"description\":\"Get help for our products &amp; digital solutions\",\"potentialAction\":[{\"@type\":\"SearchAction\",\"target\":{\"@type\":\"EntryPoint\",\"urlTemplate\":\"https:\/\/support.pre.wallbox.com\/da\/?s={search_term_string}\"},\"query-input\":\"required name=search_term_string\"}],\"inLanguage\":\"da-DK\"},{\"@type\":\"WebPage\",\"@id\":\"https:\/\/support.pre.wallbox.com\/da\/vilkaar-for-anvendelse\/#webpage\",\"url\":\"https:\/\/support.pre.wallbox.com\/da\/vilkaar-for-anvendelse\/\",\"name\":\"Vilk\u00e5r for anvendelse - Wallbox Help Center\",\"isPartOf\":{\"@id\":\"https:\/\/support.pre.wallbox.com\/da\/#website\"},\"datePublished\":\"2019-07-24T09:07:41+00:00\",\"dateModified\":\"2021-05-03T07:27:25+00:00\",\"breadcrumb\":{\"@id\":\"https:\/\/support.pre.wallbox.com\/da\/vilkaar-for-anvendelse\/#breadcrumb\"},\"inLanguage\":\"da-DK\",\"potentialAction\":[{\"@type\":\"ReadAction\",\"target\":[\"https:\/\/support.pre.wallbox.com\/da\/vilkaar-for-anvendelse\/\"]}]},{\"@type\":\"BreadcrumbList\",\"@id\":\"https:\/\/support.pre.wallbox.com\/da\/vilkaar-for-anvendelse\/#breadcrumb\",\"itemListElement\":[{\"@type\":\"ListItem\",\"position\":1,\"name\":\"Home\",\"item\":\"https:\/\/support.wallbox.com\/da\/\"},{\"@type\":\"ListItem\",\"position\":2,\"name\":\"Vilk\u00e5r for anvendelse\"}]}]}<\/script>\n<!-- \/ Yoast SEO plugin. -->","yoast_head_json":{"title":"Vilk\u00e5r for anvendelse - Wallbox Help Center","robots":{"index":"noindex","follow":"follow","max-snippet":"max-snippet:-1","max-image-preview":"max-image-preview:large","max-video-preview":"max-video-preview:-1"},"og_locale":"da_DK","og_type":"article","og_title":"Vilk\u00e5r for anvendelse - Wallbox Help Center","og_description":"Gyldig fra\u00a0\u00a01. juli 2019 Wallbox Chargers SL. (\u201cWallbox\u201d) tilbyder opladning af elbiler til hjemme- og erhvervsbrug med hardware og en...","og_url":"https:\/\/support.pre.wallbox.com\/da\/vilkaar-for-anvendelse\/","og_site_name":"Wallbox Help Center","article_modified_time":"2021-05-03T07:27:25+00:00","twitter_card":"summary_large_image","twitter_misc":{"Est. reading time":"12 minutes"},"schema":{"@context":"https:\/\/schema.org","@graph":[{"@type":"WebSite","@id":"https:\/\/support.pre.wallbox.com\/da\/#website","url":"https:\/\/support.pre.wallbox.com\/da\/","name":"Wallbox Help Center","description":"Get help for our products &amp; digital solutions","potentialAction":[{"@type":"SearchAction","target":{"@type":"EntryPoint","urlTemplate":"https:\/\/support.pre.wallbox.com\/da\/?s={search_term_string}"},"query-input":"required name=search_term_string"}],"inLanguage":"da-DK"},{"@type":"WebPage","@id":"https:\/\/support.pre.wallbox.com\/da\/vilkaar-for-anvendelse\/#webpage","url":"https:\/\/support.pre.wallbox.com\/da\/vilkaar-for-anvendelse\/","name":"Vilk\u00e5r for anvendelse - Wallbox Help Center","isPartOf":{"@id":"https:\/\/support.pre.wallbox.com\/da\/#website"},"datePublished":"2019-07-24T09:07:41+00:00","dateModified":"2021-05-03T07:27:25+00:00","breadcrumb":{"@id":"https:\/\/support.pre.wallbox.com\/da\/vilkaar-for-anvendelse\/#breadcrumb"},"inLanguage":"da-DK","potentialAction":[{"@type":"ReadAction","target":["https:\/\/support.pre.wallbox.com\/da\/vilkaar-for-anvendelse\/"]}]},{"@type":"BreadcrumbList","@id":"https:\/\/support.pre.wallbox.com\/da\/vilkaar-for-anvendelse\/#breadcrumb","itemListElement":[{"@type":"ListItem","position":1,"name":"Home","item":"https:\/\/support.wallbox.com\/da\/"},{"@type":"ListItem","position":2,"name":"Vilk\u00e5r for anvendelse"}]}]}},"_links":{"self":[{"href":"https:\/\/support.pre.wallbox.com\/da\/wp-json\/wp\/v2\/pages\/40615","targetHints":{"allow":["GET"]}}],"collection":[{"href":"https:\/\/support.pre.wallbox.com\/da\/wp-json\/wp\/v2\/pages"}],"about":[{"href":"https:\/\/support.pre.wallbox.com\/da\/wp-json\/wp\/v2\/types\/page"}],"author":[{"embeddable":true,"href":"https:\/\/support.pre.wallbox.com\/da\/wp-json\/wp\/v2\/users\/23"}],"replies":[{"embeddable":true,"href":"https:\/\/support.pre.wallbox.com\/da\/wp-json\/wp\/v2\/comments?post=40615"}],"version-history":[{"count":0,"href":"https:\/\/support.pre.wallbox.com\/da\/wp-json\/wp\/v2\/pages\/40615\/revisions"}],"wp:attachment":[{"href":"https:\/\/support.pre.wallbox.com\/da\/wp-json\/wp\/v2\/media?parent=40615"}],"curies":[{"name":"wp","href":"https:\/\/api.w.org\/{rel}","templated":true}]}}